{"id":213,"date":"2024-10-23T15:38:55","date_gmt":"2024-10-23T18:38:55","guid":{"rendered":"https:\/\/deboralopes.com\/?page_id=213"},"modified":"2025-11-04T17:46:01","modified_gmt":"2025-11-04T20:46:01","slug":"supervisao-online","status":"publish","type":"page","link":"https:\/\/deboralopes.com\/index.php\/supervisao-online\/","title":{"rendered":"Supervis\u00e3o Online"},"content":{"rendered":"\n<h2 class=\"wp-block-heading\">Supervis\u00e3o Cl\u00ednica Individual<\/h2>\n\n\n\n<p>Para Psic\u00f3logos e Neuropsic\u00f3logos que desejam aprofundar seus conhecimentos, refinar suas pr\u00e1ticas e receber apoio em casos desafiadores. A supervis\u00e3o \u00e9 voltada para profissionais que atuam com Terapia Cognitivo-Comportamental, Terapia do Esquema, Terapia Racional Emotiva, Reabilita\u00e7\u00e3o Cognitiva e Avalia\u00e7\u00e3o Neuropsicol\u00f3gica. Os encontros para a supervis\u00e3o ocorrer\u00e3o on-line via a plataforma de prefer\u00eancia.&nbsp;<\/p>\n\n\n\n<h3 class=\"wp-block-heading\">Modalidades de Supervis\u00e3o:<\/h3>\n\n\n\n<p><strong>Supervis\u00e3o Cl\u00ednica em Terapia Cognitivo-Comportamental (TCC), Terapia do Esquema ou Terapia Racional-Emotiva (TREC):<\/strong><\/p>\n\n\n\n<ul class=\"wp-block-list\">\n<li>Supervis\u00e3o focada em interven\u00e7\u00f5es baseadas em TCC, Terapia do Esquema ou Terapia Racional Emotiva, incluindo casos complexos e estrat\u00e9gias de tratamento.<\/li>\n<\/ul>\n\n\n\n<p><strong>Supervis\u00e3o Cl\u00ednica para Neuropsic\u00f3logos:<\/strong><\/p>\n\n\n\n<ul class=\"wp-block-list\">\n<li>Temas voltados para Reabilita\u00e7\u00e3o Cognitiva e Avalia\u00e7\u00e3o Neuropsicol\u00f3gica, com discuss\u00f5es aprofundadas sobre casos, interven\u00e7\u00f5es e t\u00e9cnicas espec\u00edficas.<\/li>\n<\/ul>\n\n\n\n<p><strong>Aux\u00edlio na Elabora\u00e7\u00e3o de Laudos Neuropsicol\u00f3gicos:<\/strong><\/p>\n\n\n\n<ul class=\"wp-block-list\">\n<li>Acompanhamento e orienta\u00e7\u00e3o na escrita de laudos neuropsicol\u00f3gicos, garantindo clareza, objetividade e precis\u00e3o t\u00e9cnica\/te\u00f3rica.<\/li>\n<\/ul>\n\n\n\n<h3 class=\"wp-block-heading\">Tem\u00e1ticas Abordadas:<\/h3>\n\n\n\n<p>Durante a supervis\u00e3o, \u00e9 poss\u00edvel trabalhar com as seguintes tem\u00e1ticas:<\/p>\n\n\n\n<ul class=\"wp-block-list\">\n<li>Transtorno do D\u00e9ficit de Aten\u00e7\u00e3o e Hiperatividade (TDAH)<\/li>\n\n\n\n<li>Altas Habilidades e Superdota\u00e7\u00e3o<\/li>\n\n\n\n<li>Depress\u00e3o e Transtornos de Ansiedade<\/li>\n\n\n\n<li>Transtorno do Espectro Autista (TEA)<\/li>\n\n\n\n<li>Transtornos da Linguagem e da Aprendizagem<\/li>\n\n\n\n<li>Uso de jogos digitais em psicoterapia<\/li>\n\n\n\n<li>Entre outros temas relevantes \u00e0 sua pr\u00e1tica cl\u00ednica.<\/li>\n<\/ul>\n\n\n\n<h3 class=\"wp-block-heading\">Por que escolher minha supervis\u00e3o?<\/h3>\n\n\n\n<p>Com quase uma d\u00e9cada de experi\u00eancia cl\u00ednica, atuando como mestre em psicologia cl\u00ednica especialista em Terapia Cognitivo-Comportamental e Neuropsicologia, ofere\u00e7o uma supervis\u00e3o personalizada e fundamentada em evid\u00eancias cient\u00edficas. Minha abordagem integra conhecimentos em reabilita\u00e7\u00e3o neuropsicol\u00f3gica, avalia\u00e7\u00e3o e pr\u00e1ticas terap\u00eauticas como a Terapia do Esquema e o uso de jogos digitais como recurso terap\u00eautico. Al\u00e9m da minha pr\u00e1tica cl\u00ednica, sou tamb\u00e9m game designer e pesquisadora, o que me permite trazer uma vis\u00e3o inovadora sobre o engajamento dos pacientes, especialmente em popula\u00e7\u00f5es neurodiversas. Meu compromisso \u00e9 proporcionar um espa\u00e7o seguro e de aprendizado cont\u00ednuo, ajudando os profissionais a desenvolverem confian\u00e7a e aprimorarem suas compet\u00eancias t\u00e9cnicas e pr\u00e1ticas, sempre com foco em resultados efetivos para seus pacientes.<\/p>\n\n\n\n<p>A supervis\u00e3o \u00e9 personalizada para atender \u00e0s necessidades de cada profissional, promovendo o desenvolvimento cont\u00ednuo e a excel\u00eancia no atendimento psicol\u00f3gico e neuropsicol\u00f3gico.<br><br><\/p>\n\n\n<style id=\"wpforms-css-vars-root\">\n\t\t\t\t:root {\n\t\t\t\t\t--wpforms-field-border-radius: 3px;\n--wpforms-field-border-style: solid;\n--wpforms-field-border-size: 1px;\n--wpforms-field-background-color: #ffffff;\n--wpforms-field-border-color: rgba( 0, 0, 0, 0.25 );\n--wpforms-field-border-color-spare: rgba( 0, 0, 0, 0.25 );\n--wpforms-field-text-color: rgba( 0, 0, 0, 0.7 );\n--wpforms-field-menu-color: #ffffff;\n--wpforms-label-color: rgba( 0, 0, 0, 0.85 );\n--wpforms-label-sublabel-color: rgba( 0, 0, 0, 0.55 );\n--wpforms-label-error-color: #d63637;\n--wpforms-button-border-radius: 3px;\n--wpforms-button-border-style: none;\n--wpforms-button-border-size: 1px;\n--wpforms-button-background-color: #066aab;\n--wpforms-button-border-color: #066aab;\n--wpforms-button-text-color: #ffffff;\n--wpforms-page-break-color: #066aab;\n--wpforms-background-image: none;\n--wpforms-background-position: center center;\n--wpforms-background-repeat: no-repeat;\n--wpforms-background-size: cover;\n--wpforms-background-width: 100px;\n--wpforms-background-height: 100px;\n--wpforms-background-color: rgba( 0, 0, 0, 0 );\n--wpforms-background-url: none;\n--wpforms-container-padding: 0px;\n--wpforms-container-border-style: none;\n--wpforms-container-border-width: 1px;\n--wpforms-container-border-color: #000000;\n--wpforms-container-border-radius: 3px;\n--wpforms-field-size-input-height: 43px;\n--wpforms-field-size-input-spacing: 15px;\n--wpforms-field-size-font-size: 16px;\n--wpforms-field-size-line-height: 19px;\n--wpforms-field-size-padding-h: 14px;\n--wpforms-field-size-checkbox-size: 16px;\n--wpforms-field-size-sublabel-spacing: 5px;\n--wpforms-field-size-icon-size: 1;\n--wpforms-label-size-font-size: 16px;\n--wpforms-label-size-line-height: 19px;\n--wpforms-label-size-sublabel-font-size: 14px;\n--wpforms-label-size-sublabel-line-height: 17px;\n--wpforms-button-size-font-size: 17px;\n--wpforms-button-size-height: 41px;\n--wpforms-button-size-padding-h: 15px;\n--wpforms-button-size-margin-top: 10px;\n--wpforms-container-shadow-size-box-shadow: none;\n\n\t\t\t\t}\n\t\t\t<\/style><div class=\"wpforms-container wpforms-container-full wpforms-block wpforms-block-8ef81523-f2f1-411f-af4e-978bd803bf67 wpforms-render-modern\" id=\"wpforms-217\"><form id=\"wpforms-form-217\" class=\"wpforms-validate wpforms-form wpforms-ajax-form\" data-formid=\"217\" method=\"post\" enctype=\"multipart\/form-data\" action=\"\/index.php\/wp-json\/wp\/v2\/pages\/213\" data-token=\"42e7f6de5b527622b90f960397ef748b\" data-token-time=\"1776780781\"><noscript class=\"wpforms-error-noscript\">Please enable JavaScript in your browser to complete this form.<\/noscript><div class=\"wpforms-hidden\" id=\"wpforms-error-noscript\">Please enable JavaScript in your browser to complete this form.<\/div><div class=\"wpforms-field-container\"><div id=\"wpforms-217-field_0-container\" class=\"wpforms-field wpforms-field-name\" data-field-id=\"0\"><label class=\"wpforms-field-label\" for=\"wpforms-217-field_0\">Nome e CRP <span class=\"wpforms-required-label\" aria-hidden=\"true\">*<\/span><\/label><input type=\"text\" id=\"wpforms-217-field_0\" class=\"wpforms-field-medium wpforms-field-required\" name=\"wpforms[fields][0]\" aria-errormessage=\"wpforms-217-field_0-error\" required><\/div><div id=\"wpforms-217-field_1-container\" class=\"wpforms-field wpforms-field-email\" data-field-id=\"1\"><label class=\"wpforms-field-label\" for=\"wpforms-217-field_1\">Email <span class=\"wpforms-required-label\" aria-hidden=\"true\">*<\/span><\/label><input type=\"email\" id=\"wpforms-217-field_1\" class=\"wpforms-field-medium wpforms-field-required\" name=\"wpforms[fields][1]\" spellcheck=\"false\" aria-errormessage=\"wpforms-217-field_1-error\" required><\/div><div id=\"wpforms-217-field_7-container\" class=\"wpforms-field wpforms-field-number\" data-field-id=\"7\"><label class=\"wpforms-field-label\" for=\"wpforms-217-field_7\">Telefone\/WhatsApp:<\/label><input type=\"number\" id=\"wpforms-217-field_7\" class=\"wpforms-field-medium\" name=\"wpforms[fields][7]\" aria-errormessage=\"wpforms-217-field_7-error\" ><\/div><div id=\"wpforms-217-field_6-container\" class=\"wpforms-field wpforms-field-checkbox\" data-field-id=\"6\"><fieldset><legend class=\"wpforms-field-label\">\u00c1rea de Interesse:<\/legend><ul id=\"wpforms-217-field_6\"><li class=\"choice-1 depth-1\"><input type=\"checkbox\" id=\"wpforms-217-field_6_1\" name=\"wpforms[fields][6][]\" value=\"Supervis\u00e3o Cl\u00ednica\" aria-errormessage=\"wpforms-217-field_6_1-error\"  ><label class=\"wpforms-field-label-inline\" for=\"wpforms-217-field_6_1\">Supervis\u00e3o Cl\u00ednica<\/label><\/li><li class=\"choice-2 depth-1\"><input type=\"checkbox\" id=\"wpforms-217-field_6_2\" name=\"wpforms[fields][6][]\" value=\"Supervis\u00e3o em Neuropsicologia\" aria-errormessage=\"wpforms-217-field_6_2-error\"  ><label class=\"wpforms-field-label-inline\" for=\"wpforms-217-field_6_2\">Supervis\u00e3o em Neuropsicologia<\/label><\/li><li class=\"choice-3 depth-1\"><input type=\"checkbox\" id=\"wpforms-217-field_6_3\" name=\"wpforms[fields][6][]\" value=\"Aux\u00edlio na Elabora\u00e7\u00e3o de Laudos Neuropsicol\u00f3gicos\" aria-errormessage=\"wpforms-217-field_6_3-error\"  ><label class=\"wpforms-field-label-inline\" for=\"wpforms-217-field_6_3\">Aux\u00edlio na Elabora\u00e7\u00e3o de Laudos Neuropsicol\u00f3gicos<\/label><\/li><\/ul><\/fieldset><\/div><div id=\"wpforms-217-field_8-container\" class=\"wpforms-field wpforms-field-text\" data-field-id=\"8\"><label class=\"wpforms-field-label\" for=\"wpforms-217-field_8\">Tem\u00e1ticas de Interesse:<\/label><input type=\"text\" id=\"wpforms-217-field_8\" class=\"wpforms-field-medium\" name=\"wpforms[fields][8]\" aria-errormessage=\"wpforms-217-field_8-error\" aria-describedby=\"wpforms-217-field_8-description\" ><div id=\"wpforms-217-field_8-description\" class=\"wpforms-field-description\">(Ex: TDAH, Transtornos de Ansiedade, TEA, etc.)<\/div><\/div><div id=\"wpforms-217-field_9-container\" class=\"wpforms-field wpforms-field-select wpforms-field-select-style-classic\" data-field-id=\"9\"><label class=\"wpforms-field-label\" for=\"wpforms-217-field_9\">Disponibilidade de Hor\u00e1rios:<\/label><select id=\"wpforms-217-field_9\" class=\"wpforms-field-medium\" name=\"wpforms[fields][9]\"><option value=\"Manh\u00e3 (9h,10h,11h)\" >Manh\u00e3 (9h,10h,11h)<\/option><option value=\"Tarde (14h,15h,16h)\" >Tarde (14h,15h,16h)<\/option><option value=\"Noite (17h, 18h)\" >Noite (17h, 18h)<\/option><\/select><\/div><div id=\"wpforms-217-field_10-container\" class=\"wpforms-field wpforms-field-textarea\" data-field-id=\"10\"><label class=\"wpforms-field-label\" for=\"wpforms-217-field_10\">Mensagem Adicional:<\/label><textarea id=\"wpforms-217-field_10\" class=\"wpforms-field-medium\" name=\"wpforms[fields][10]\" aria-errormessage=\"wpforms-217-field_10-error\" aria-describedby=\"wpforms-217-field_10-description\" ><\/textarea><div id=\"wpforms-217-field_10-description\" class=\"wpforms-field-description\">(Deixe aqui qualquer d\u00favida ou coment\u00e1rio adicional)<\/div><\/div><\/div><!-- .wpforms-field-container --><div class=\"wpforms-submit-container\" ><input type=\"hidden\" name=\"wpforms[id]\" value=\"217\"><input type=\"hidden\" name=\"page_title\" value=\"\"><input type=\"hidden\" name=\"page_url\" value=\"https:\/\/deboralopes.com\/index.php\/wp-json\/wp\/v2\/pages\/213\"><button type=\"submit\" name=\"wpforms[submit]\" id=\"wpforms-submit-217\" class=\"wpforms-submit\" data-alt-text=\"Sending...\" data-submit-text=\"Submit\" aria-live=\"assertive\" value=\"wpforms-submit\">Submit<\/button><img loading=\"lazy\" decoding=\"async\" src=\"https:\/\/deboralopes.com\/wp-content\/plugins\/wpforms-lite\/assets\/images\/submit-spin.svg\" class=\"wpforms-submit-spinner\" style=\"display: none;\" width=\"26\" height=\"26\" alt=\"Loading\"><\/div><\/form><\/div>  <!-- .wpforms-container -->","protected":false},"excerpt":{"rendered":"<p>Supervis\u00e3o Cl\u00ednica Individual Para Psic\u00f3logos e Neuropsic\u00f3logos que desejam aprofundar seus conhecimentos, refinar suas pr\u00e1ticas e receber apoio em casos desafiadores. A supervis\u00e3o \u00e9 voltada &hellip;<\/p>\n","protected":false},"author":1,"featured_media":0,"parent":0,"menu_order":0,"comment_status":"closed","ping_status":"closed","template":"","meta":{"footnotes":""},"class_list":["post-213","page","type-page","status-publish","hentry"],"aioseo_notices":[],"_links":{"self":[{"href":"https:\/\/deboralopes.com\/index.php\/wp-json\/wp\/v2\/pages\/213"}],"collection":[{"href":"https:\/\/deboralopes.com\/index.php\/wp-json\/wp\/v2\/pages"}],"about":[{"href":"https:\/\/deboralopes.com\/index.php\/wp-json\/wp\/v2\/types\/page"}],"author":[{"embeddable":true,"href":"https:\/\/deboralopes.com\/index.php\/wp-json\/wp\/v2\/users\/1"}],"replies":[{"embeddable":true,"href":"https:\/\/deboralopes.com\/index.php\/wp-json\/wp\/v2\/comments?post=213"}],"version-history":[{"count":6,"href":"https:\/\/deboralopes.com\/index.php\/wp-json\/wp\/v2\/pages\/213\/revisions"}],"predecessor-version":[{"id":459,"href":"https:\/\/deboralopes.com\/index.php\/wp-json\/wp\/v2\/pages\/213\/revisions\/459"}],"wp:attachment":[{"href":"https:\/\/deboralopes.com\/index.php\/wp-json\/wp\/v2\/media?parent=213"}],"curies":[{"name":"wp","href":"https:\/\/api.w.org\/{rel}","templated":true}]}}