{"id":2,"date":"2024-01-28T22:01:25","date_gmt":"2024-01-29T01:01:25","guid":{"rendered":"http:\/\/deboralopes.com\/?page_id=2"},"modified":"2025-03-11T10:14:35","modified_gmt":"2025-03-11T13:14:35","slug":"agendar","status":"publish","type":"page","link":"https:\/\/deboralopes.com\/index.php\/agendar\/","title":{"rendered":"Agende aqui"},"content":{"rendered":"\n<p>Neste contato, teremos a chance de esclarecer suas d\u00favidas sobre o processo terap\u00eautico e fornecer todas as informa\u00e7\u00f5es necess\u00e1rias. Para sua conveni\u00eancia e orienta\u00e7\u00e3o previa, consulte o PDF no final desta p\u00e1gina com informa\u00e7\u00f5es gerais sobre o processo de Psicoterapia Online.<\/p>\n\n\n\n<p><strong>Demandas que n\u00e3o s\u00e3o atendidas:<\/strong><\/p>\n\n\n\n<ul class=\"wp-block-list\">\n<li>Crian\u00e7as e adolescentes abaixo de 16 anos<\/li>\n\n\n\n<li>Risco eminente de suic\u00eddio<\/li>\n\n\n\n<li>V\u00edcio em \u00e1lcool e outras drogas<\/li>\n\n\n\n<li>Luto<\/li>\n\n\n\n<li>Terapia de casal<\/li>\n\n\n\n<li>Avalia\u00e7\u00e3o neuropsicol\u00f3gica<\/li>\n<\/ul>\n\n\n\n<p><strong>Preencha este formul\u00e1rio apenas se:<\/strong><\/p>\n\n\n\n<ul class=\"wp-block-list\">\n<li>For maior de idade ou respons\u00e1vel<\/li>\n\n\n\n<li>Brasileiro(a), residente no Brasil ou no exterior<\/li>\n\n\n\n<li>Tem a real inten\u00e7\u00e3o de iniciar um processo terap\u00eautico com sess\u00f5es semanais ou quinzenais de forma online de 50 a 60 minutos<\/li>\n\n\n\n<li>Est\u00e1 ciente de quais demandas n\u00e3o s\u00e3o atendidas<\/li>\n\n\n\n<li>Est\u00e1 ciente de que ser\u00e1 necess\u00e1rio um investimento financeiro mensal<\/li>\n<\/ul>\n\n\n\n<p><em>Antes de enviar o formul\u00e1rio, por favor, confira se todos os seus dados est\u00e3o corretos, especialmente o n\u00famero do seu celular com DDD e o c\u00f3digo do pa\u00eds,&nbsp;caso voc\u00ea more no exterior.<\/em><\/p>\n\n\n<style id=\"wpforms-css-vars-root\">\n\t\t\t\t:root {\n\t\t\t\t\t--wpforms-field-border-radius: 3px;\n--wpforms-field-border-style: solid;\n--wpforms-field-border-size: 1px;\n--wpforms-field-background-color: #ffffff;\n--wpforms-field-border-color: rgba( 0, 0, 0, 0.25 );\n--wpforms-field-border-color-spare: rgba( 0, 0, 0, 0.25 );\n--wpforms-field-text-color: rgba( 0, 0, 0, 0.7 );\n--wpforms-field-menu-color: #ffffff;\n--wpforms-label-color: rgba( 0, 0, 0, 0.85 );\n--wpforms-label-sublabel-color: rgba( 0, 0, 0, 0.55 );\n--wpforms-label-error-color: #d63637;\n--wpforms-button-border-radius: 3px;\n--wpforms-button-border-style: none;\n--wpforms-button-border-size: 1px;\n--wpforms-button-background-color: #066aab;\n--wpforms-button-border-color: #066aab;\n--wpforms-button-text-color: #ffffff;\n--wpforms-page-break-color: #066aab;\n--wpforms-background-image: none;\n--wpforms-background-position: center center;\n--wpforms-background-repeat: no-repeat;\n--wpforms-background-size: cover;\n--wpforms-background-width: 100px;\n--wpforms-background-height: 100px;\n--wpforms-background-color: rgba( 0, 0, 0, 0 );\n--wpforms-background-url: none;\n--wpforms-container-padding: 0px;\n--wpforms-container-border-style: none;\n--wpforms-container-border-width: 1px;\n--wpforms-container-border-color: #000000;\n--wpforms-container-border-radius: 3px;\n--wpforms-field-size-input-height: 43px;\n--wpforms-field-size-input-spacing: 15px;\n--wpforms-field-size-font-size: 16px;\n--wpforms-field-size-line-height: 19px;\n--wpforms-field-size-padding-h: 14px;\n--wpforms-field-size-checkbox-size: 16px;\n--wpforms-field-size-sublabel-spacing: 5px;\n--wpforms-field-size-icon-size: 1;\n--wpforms-label-size-font-size: 16px;\n--wpforms-label-size-line-height: 19px;\n--wpforms-label-size-sublabel-font-size: 14px;\n--wpforms-label-size-sublabel-line-height: 17px;\n--wpforms-button-size-font-size: 17px;\n--wpforms-button-size-height: 41px;\n--wpforms-button-size-padding-h: 15px;\n--wpforms-button-size-margin-top: 10px;\n--wpforms-container-shadow-size-box-shadow: none;\n\n\t\t\t\t}\n\t\t\t<\/style><style id=\"wpforms-css-vars-52-block-bd90e26d-cd67-4922-b15a-1f5c063ec5cc\">\n\t\t\t\t#wpforms-52.wpforms-block-bd90e26d-cd67-4922-b15a-1f5c063ec5cc {\n\t\t\t\t\t--wpforms-label-color: #262626;\n--wpforms-label-sublabel-color: #7f7f7f;\n--wpforms-label-error-color: #ff0000;\n--wpforms-page-break-color: #dddddd;\n--wpforms-field-border-radius: 0px;\n--wpforms-field-border-color: #cccccc;\n--wpforms-field-border-color-spare: #cccccc;\n--wpforms-field-text-color: #444444;\n--wpforms-button-border-style: solid;\n--wpforms-button-border-radius: 0px;\n--wpforms-button-background-color: #dddddd;\n--wpforms-button-text-color: #666666;\n--wpforms-button-border-color: #cccccc;\n--wpforms-field-size-input-height: 43px;\n--wpforms-field-size-input-spacing: 15px;\n--wpforms-field-size-font-size: 16px;\n--wpforms-field-size-line-height: 19px;\n--wpforms-field-size-padding-h: 14px;\n--wpforms-field-size-checkbox-size: 16px;\n--wpforms-field-size-sublabel-spacing: 5px;\n--wpforms-field-size-icon-size: 1;\n--wpforms-label-size-font-size: 14px;\n--wpforms-label-size-line-height: 17px;\n--wpforms-label-size-sublabel-font-size: 13px;\n--wpforms-label-size-sublabel-line-height: 16px;\n--wpforms-button-size-font-size: 17px;\n--wpforms-button-size-height: 41px;\n--wpforms-button-size-padding-h: 15px;\n--wpforms-button-size-margin-top: 10px;\n\n\t\t\t\t}\n\t\t\t<\/style><div class=\"wpforms-container wpforms-container-full wpforms-block wpforms-block-bd90e26d-cd67-4922-b15a-1f5c063ec5cc wpforms-render-modern\" id=\"wpforms-52\"><form id=\"wpforms-form-52\" class=\"wpforms-validate wpforms-form wpforms-ajax-form\" data-formid=\"52\" method=\"post\" enctype=\"multipart\/form-data\" action=\"\/index.php\/wp-json\/wp\/v2\/pages\/2\" data-token=\"bcb76ba76a54e7a788ef8e42901bd34f\" data-token-time=\"1776780729\"><noscript class=\"wpforms-error-noscript\">Please enable JavaScript in your browser to complete this form.<\/noscript><div class=\"wpforms-hidden\" id=\"wpforms-error-noscript\">Please enable JavaScript in your browser to complete this form.<\/div><div class=\"wpforms-field-container\"><div id=\"wpforms-52-field_18-container\" class=\"wpforms-field wpforms-field-name\" data-field-id=\"18\"><label class=\"wpforms-field-label\" for=\"wpforms-52-field_18\">Nome <span class=\"wpforms-required-label\" aria-hidden=\"true\">*<\/span><\/label><input type=\"text\" id=\"wpforms-52-field_18\" class=\"wpforms-field-large wpforms-field-required\" name=\"wpforms[fields][18]\" aria-errormessage=\"wpforms-52-field_18-error\" required><\/div><div id=\"wpforms-52-field_8-container\" class=\"wpforms-field wpforms-field-number\" data-field-id=\"8\"><label class=\"wpforms-field-label\" for=\"wpforms-52-field_8\">Idade <span class=\"wpforms-required-label\" aria-hidden=\"true\">*<\/span><\/label><input type=\"number\" id=\"wpforms-52-field_8\" class=\"wpforms-field-small wpforms-field-required\" name=\"wpforms[fields][8]\" aria-errormessage=\"wpforms-52-field_8-error\" required><\/div><div id=\"wpforms-52-field_17-container\" class=\"wpforms-field wpforms-field-email\" data-field-id=\"17\"><label class=\"wpforms-field-label\" for=\"wpforms-52-field_17\">Qual o seu e-mail? <span class=\"wpforms-required-label\" aria-hidden=\"true\">*<\/span><\/label><input type=\"email\" id=\"wpforms-52-field_17\" class=\"wpforms-field-medium wpforms-field-required\" name=\"wpforms[fields][17]\" spellcheck=\"false\" aria-errormessage=\"wpforms-52-field_17-error\" aria-describedby=\"wpforms-52-field_17-description\" required><div id=\"wpforms-52-field_17-description\" class=\"wpforms-field-description\">N\u00e3o mandaremos spam. Apenas para fins de cadastro<\/div><\/div><div id=\"wpforms-52-field_2-container\" class=\"wpforms-field wpforms-field-number\" data-field-id=\"2\"><label class=\"wpforms-field-label\" for=\"wpforms-52-field_2\">Qual o seu celular com DDD (Whatsapp)? Se for do exterior com c\u00f3digo do pa\u00eds. <span class=\"wpforms-required-label\" aria-hidden=\"true\">*<\/span><\/label><input type=\"number\" id=\"wpforms-52-field_2\" class=\"wpforms-field-small wpforms-field-required\" name=\"wpforms[fields][2]\" aria-errormessage=\"wpforms-52-field_2-error\" aria-describedby=\"wpforms-52-field_2-description\" required><div id=\"wpforms-52-field_2-description\" class=\"wpforms-field-description\">somente n\u00fameros<\/div><\/div><div id=\"wpforms-52-field_6-container\" class=\"wpforms-field wpforms-field-text\" data-field-id=\"6\"><label class=\"wpforms-field-label\" for=\"wpforms-52-field_6\">G\u00eanero com qual se identifica<\/label><input type=\"text\" id=\"wpforms-52-field_6\" class=\"wpforms-field-small\" name=\"wpforms[fields][6]\" aria-errormessage=\"wpforms-52-field_6-error\" ><\/div><div id=\"wpforms-52-field_9-container\" class=\"wpforms-field wpforms-field-radio\" data-field-id=\"9\"><fieldset><legend class=\"wpforms-field-label\">Onde voc\u00ea mora? <span class=\"wpforms-required-label\" aria-hidden=\"true\">*<\/span><\/legend><ul id=\"wpforms-52-field_9\" class=\"wpforms-field-required\"><li class=\"choice-1 depth-1\"><input type=\"radio\" id=\"wpforms-52-field_9_1\" name=\"wpforms[fields][9]\" value=\"Brasil\" aria-errormessage=\"wpforms-52-field_9_1-error\" required ><label class=\"wpforms-field-label-inline\" for=\"wpforms-52-field_9_1\">Brasil<\/label><\/li><li class=\"choice-2 depth-1\"><input type=\"radio\" id=\"wpforms-52-field_9_2\" name=\"wpforms[fields][9]\" value=\"Exterior\" aria-errormessage=\"wpforms-52-field_9_2-error\" required ><label class=\"wpforms-field-label-inline\" for=\"wpforms-52-field_9_2\">Exterior<\/label><\/li><\/ul><\/fieldset><\/div><div id=\"wpforms-52-field_10-container\" class=\"wpforms-field wpforms-field-text\" data-field-id=\"10\"><label class=\"wpforms-field-label\" for=\"wpforms-52-field_10\">Qual cidade e estado? <span class=\"wpforms-required-label\" aria-hidden=\"true\">*<\/span><\/label><input type=\"text\" id=\"wpforms-52-field_10\" class=\"wpforms-field-medium wpforms-field-required\" name=\"wpforms[fields][10]\" aria-errormessage=\"wpforms-52-field_10-error\" aria-describedby=\"wpforms-52-field_10-description\" required><div id=\"wpforms-52-field_10-description\" class=\"wpforms-field-description\">Se for no exterior, qual pa\u00eds e cidade.<\/div><\/div><div id=\"wpforms-52-field_12-container\" class=\"wpforms-field wpforms-field-text\" data-field-id=\"12\"><label class=\"wpforms-field-label\" for=\"wpforms-52-field_12\">Qual \u00e9 a sua ocupa\u00e7\u00e3o\/profiss\u00e3o? <span class=\"wpforms-required-label\" aria-hidden=\"true\">*<\/span><\/label><input type=\"text\" id=\"wpforms-52-field_12\" class=\"wpforms-field-medium wpforms-field-required\" name=\"wpforms[fields][12]\" aria-errormessage=\"wpforms-52-field_12-error\" required><\/div><div id=\"wpforms-52-field_20-container\" class=\"wpforms-field wpforms-field-textarea\" data-field-id=\"20\"><label class=\"wpforms-field-label\" for=\"wpforms-52-field_20\">Existem desafios ou circunst\u00e2ncias especiais que gostaria de mencionar que possam impactar ou j\u00e1 impactaram sua busca por acompanhamento\/tratamento psicol\u00f3gico?<\/label><textarea id=\"wpforms-52-field_20\" class=\"wpforms-field-medium\" name=\"wpforms[fields][20]\" aria-errormessage=\"wpforms-52-field_20-error\" ><\/textarea><\/div><div id=\"wpforms-52-field_15-container\" class=\"wpforms-field wpforms-field-checkbox\" data-field-id=\"15\"><fieldset><legend class=\"wpforms-field-label\">O que voc\u00ea gostaria de trabalhar em terapia? <span class=\"wpforms-required-label\" aria-hidden=\"true\">*<\/span><\/legend><ul id=\"wpforms-52-field_15\" class=\"wpforms-field-required\"><li class=\"choice-1 depth-1\"><input type=\"checkbox\" id=\"wpforms-52-field_15_1\" name=\"wpforms[fields][15][]\" value=\"Ansiedade\" aria-errormessage=\"wpforms-52-field_15_1-error\" required ><label class=\"wpforms-field-label-inline\" for=\"wpforms-52-field_15_1\">Ansiedade<\/label><\/li><li class=\"choice-9 depth-1\"><input type=\"checkbox\" id=\"wpforms-52-field_15_9\" name=\"wpforms[fields][15][]\" value=\"TDAH, TEA ou Altas habilidades\/Superdota\u00e7\u00e3o\" aria-errormessage=\"wpforms-52-field_15_9-error\" required ><label class=\"wpforms-field-label-inline\" for=\"wpforms-52-field_15_9\">TDAH, TEA ou Altas habilidades\/Superdota\u00e7\u00e3o<\/label><\/li><li class=\"choice-6 depth-1\"><input type=\"checkbox\" id=\"wpforms-52-field_15_6\" name=\"wpforms[fields][15][]\" value=\"Neuropsicologia (dificuldades de mem\u00f3ria, aten\u00e7\u00e3o, planejamento, foco, entre outros)\" aria-errormessage=\"wpforms-52-field_15_6-error\" required ><label class=\"wpforms-field-label-inline\" for=\"wpforms-52-field_15_6\">Neuropsicologia (dificuldades de mem\u00f3ria, aten\u00e7\u00e3o, planejamento, foco, entre outros)<\/label><\/li><li class=\"choice-2 depth-1\"><input type=\"checkbox\" id=\"wpforms-52-field_15_2\" name=\"wpforms[fields][15][]\" value=\"Autoconhecimento\" aria-errormessage=\"wpforms-52-field_15_2-error\" required ><label class=\"wpforms-field-label-inline\" for=\"wpforms-52-field_15_2\">Autoconhecimento<\/label><\/li><li class=\"choice-4 depth-1\"><input type=\"checkbox\" id=\"wpforms-52-field_15_4\" name=\"wpforms[fields][15][]\" value=\"Depend\u00eancias online (Transtorno do Jogo pela Internet, Depend\u00eancias em M\u00eddias sociais, entre outros)\" aria-errormessage=\"wpforms-52-field_15_4-error\" required ><label class=\"wpforms-field-label-inline\" for=\"wpforms-52-field_15_4\">Depend\u00eancias online (Transtorno do Jogo pela Internet, Depend\u00eancias em M\u00eddias sociais, entre outros)<\/label><\/li><li class=\"choice-5 depth-1\"><input type=\"checkbox\" id=\"wpforms-52-field_15_5\" name=\"wpforms[fields][15][]\" value=\"Depress\u00e3o\" aria-errormessage=\"wpforms-52-field_15_5-error\" required ><label class=\"wpforms-field-label-inline\" for=\"wpforms-52-field_15_5\">Depress\u00e3o<\/label><\/li><li class=\"choice-7 depth-1\"><input type=\"checkbox\" id=\"wpforms-52-field_15_7\" name=\"wpforms[fields][15][]\" value=\"Relacionamento\" aria-errormessage=\"wpforms-52-field_15_7-error\" required ><label class=\"wpforms-field-label-inline\" for=\"wpforms-52-field_15_7\">Relacionamento<\/label><\/li><li class=\"choice-11 depth-1\"><input type=\"checkbox\" id=\"wpforms-52-field_15_11\" name=\"wpforms[fields][15][]\" value=\"Orienta\u00e7\u00e3o profissional\" aria-errormessage=\"wpforms-52-field_15_11-error\" required ><label class=\"wpforms-field-label-inline\" for=\"wpforms-52-field_15_11\">Orienta\u00e7\u00e3o profissional<\/label><\/li><li class=\"choice-12 depth-1\"><input type=\"checkbox\" id=\"wpforms-52-field_15_12\" name=\"wpforms[fields][15][]\" value=\"Estimula\u00e7\u00e3o cognitiva\" aria-errormessage=\"wpforms-52-field_15_12-error\" required ><label class=\"wpforms-field-label-inline\" for=\"wpforms-52-field_15_12\">Estimula\u00e7\u00e3o cognitiva<\/label><\/li><li class=\"choice-3 depth-1\"><input type=\"checkbox\" id=\"wpforms-52-field_15_3\" name=\"wpforms[fields][15][]\" value=\"Interven\u00e7\u00f5es psicol\u00f3gicas online com uso da gamifica\u00e7\u00e3o e jogos na pr\u00e1tica terap\u00eautica\" aria-errormessage=\"wpforms-52-field_15_3-error\" required ><label class=\"wpforms-field-label-inline\" for=\"wpforms-52-field_15_3\">Interven\u00e7\u00f5es psicol\u00f3gicas online com uso da gamifica\u00e7\u00e3o e jogos na pr\u00e1tica terap\u00eautica<\/label><\/li><li class=\"choice-10 depth-1\"><input type=\"checkbox\" id=\"wpforms-52-field_15_10\" name=\"wpforms[fields][15][]\" value=\"Outros\" aria-errormessage=\"wpforms-52-field_15_10-error\" required ><label class=\"wpforms-field-label-inline\" for=\"wpforms-52-field_15_10\">Outros<\/label><\/li><\/ul><\/fieldset><\/div><div id=\"wpforms-52-field_19-container\" class=\"wpforms-field wpforms-field-radio\" data-field-id=\"19\"><fieldset><legend class=\"wpforms-field-label\">Voc\u00ea j\u00e1 fez terapia?<\/legend><ul id=\"wpforms-52-field_19\"><li class=\"choice-1 depth-1\"><input type=\"radio\" id=\"wpforms-52-field_19_1\" name=\"wpforms[fields][19]\" value=\"J\u00e1 fiz\" aria-errormessage=\"wpforms-52-field_19_1-error\"  ><label class=\"wpforms-field-label-inline\" for=\"wpforms-52-field_19_1\">J\u00e1 fiz<\/label><\/li><li class=\"choice-2 depth-1\"><input type=\"radio\" id=\"wpforms-52-field_19_2\" name=\"wpforms[fields][19]\" value=\"Nunca fiz\" aria-errormessage=\"wpforms-52-field_19_2-error\"  ><label class=\"wpforms-field-label-inline\" for=\"wpforms-52-field_19_2\">Nunca fiz<\/label><\/li><\/ul><\/fieldset><\/div><div id=\"wpforms-52-field_24-container\" class=\"wpforms-field wpforms-field-checkbox\" data-field-id=\"24\"><fieldset><legend class=\"wpforms-field-label\">Qual(is) o(s) per\u00edodo(s) que atende(m) melhor as suas necessidades? (hor\u00e1rio de Bras\u00edlia)<\/legend><ul id=\"wpforms-52-field_24\"><li class=\"choice-1 depth-1\"><input type=\"checkbox\" id=\"wpforms-52-field_24_1\" name=\"wpforms[fields][24][]\" value=\"Manh\u00e3 ( 9h, 10h, 11h)\" aria-errormessage=\"wpforms-52-field_24_1-error\"  ><label class=\"wpforms-field-label-inline\" for=\"wpforms-52-field_24_1\">Manh\u00e3 ( 9h, 10h, 11h)<\/label><\/li><li class=\"choice-2 depth-1\"><input type=\"checkbox\" id=\"wpforms-52-field_24_2\" name=\"wpforms[fields][24][]\" value=\"Tarde (14h, 15h, 16h)\" aria-errormessage=\"wpforms-52-field_24_2-error\"  ><label class=\"wpforms-field-label-inline\" for=\"wpforms-52-field_24_2\">Tarde (14h, 15h, 16h)<\/label><\/li><li class=\"choice-7 depth-1\"><input type=\"checkbox\" id=\"wpforms-52-field_24_7\" name=\"wpforms[fields][24][]\" value=\"Noite (17h, 18h)\" aria-errormessage=\"wpforms-52-field_24_7-error\"  ><label class=\"wpforms-field-label-inline\" for=\"wpforms-52-field_24_7\">Noite (17h, 18h)<\/label><\/li><li class=\"choice-9 depth-1\"><input type=\"checkbox\" id=\"wpforms-52-field_24_9\" name=\"wpforms[fields][24][]\" value=\"Terca-feira\" aria-errormessage=\"wpforms-52-field_24_9-error\"  ><label class=\"wpforms-field-label-inline\" for=\"wpforms-52-field_24_9\">Terca-feira<\/label><\/li><li class=\"choice-10 depth-1\"><input type=\"checkbox\" id=\"wpforms-52-field_24_10\" name=\"wpforms[fields][24][]\" value=\"Quarta-feira\" aria-errormessage=\"wpforms-52-field_24_10-error\"  ><label class=\"wpforms-field-label-inline\" for=\"wpforms-52-field_24_10\">Quarta-feira<\/label><\/li><li class=\"choice-11 depth-1\"><input type=\"checkbox\" id=\"wpforms-52-field_24_11\" name=\"wpforms[fields][24][]\" value=\"Quinta-feira\" aria-errormessage=\"wpforms-52-field_24_11-error\"  ><label class=\"wpforms-field-label-inline\" for=\"wpforms-52-field_24_11\">Quinta-feira<\/label><\/li><li class=\"choice-12 depth-1\"><input type=\"checkbox\" id=\"wpforms-52-field_24_12\" name=\"wpforms[fields][24][]\" value=\"Outros\" aria-errormessage=\"wpforms-52-field_24_12-error\"  ><label class=\"wpforms-field-label-inline\" for=\"wpforms-52-field_24_12\">Outros<\/label><\/li><\/ul><\/fieldset><\/div><\/div><!-- .wpforms-field-container --><div class=\"wpforms-submit-container\" ><input type=\"hidden\" name=\"wpforms[id]\" value=\"52\"><input type=\"hidden\" name=\"page_title\" value=\"\"><input type=\"hidden\" name=\"page_url\" value=\"https:\/\/deboralopes.com\/index.php\/wp-json\/wp\/v2\/pages\/2\"><button type=\"submit\" name=\"wpforms[submit]\" id=\"wpforms-submit-52\" class=\"wpforms-submit\" data-alt-text=\"Enviando\u2026\" data-submit-text=\"Enviar\" aria-live=\"assertive\" value=\"wpforms-submit\">Enviar<\/button><img loading=\"lazy\" decoding=\"async\" src=\"https:\/\/deboralopes.com\/wp-content\/plugins\/wpforms-lite\/assets\/images\/submit-spin.svg\" class=\"wpforms-submit-spinner\" style=\"display: none;\" width=\"26\" height=\"26\" alt=\"Loading\"><\/div><\/form><\/div>  <!-- .wpforms-container -->\n\n\n<h2 class=\"wp-block-heading has-text-align-center\"><\/h2>\n\n\n\n<div class=\"wp-block-buttons is-layout-flex wp-block-buttons-is-layout-flex\">\n<div class=\"wp-block-button\"><a class=\"wp-block-button__link wp-element-button\" href=\"https:\/\/tr.ee\/6T8UqR7h62\"><strong>Informa\u00e7\u00f5es sobre investimento, valores e como funciona a psicoterapia, click aqui!<\/strong><\/a><\/div>\n<\/div>\n\n\n\n<p><\/p>\n\n\n\n<p><\/p>\n\n\n\n<p><\/p>\n\n\n\n<p><\/p>\n\n\n\n<p class=\"has-text-align-right\">D\u00favidas? contato@deboralopes.com<\/p>\n\n\n\n<p><\/p>\n","protected":false},"excerpt":{"rendered":"<p>Neste contato, teremos a chance de esclarecer suas d\u00favidas sobre o processo terap\u00eautico e fornecer todas as informa\u00e7\u00f5es necess\u00e1rias. Para sua conveni\u00eancia e orienta\u00e7\u00e3o previa, &hellip;<\/p>\n","protected":false},"author":1,"featured_media":0,"parent":0,"menu_order":0,"comment_status":"closed","ping_status":"closed","template":"","meta":{"footnotes":""},"class_list":["post-2","page","type-page","status-publish","hentry"],"aioseo_notices":[],"_links":{"self":[{"href":"https:\/\/deboralopes.com\/index.php\/wp-json\/wp\/v2\/pages\/2"}],"collection":[{"href":"https:\/\/deboralopes.com\/index.php\/wp-json\/wp\/v2\/pages"}],"about":[{"href":"https:\/\/deboralopes.com\/index.php\/wp-json\/wp\/v2\/types\/page"}],"author":[{"embeddable":true,"href":"https:\/\/deboralopes.com\/index.php\/wp-json\/wp\/v2\/users\/1"}],"replies":[{"embeddable":true,"href":"https:\/\/deboralopes.com\/index.php\/wp-json\/wp\/v2\/comments?post=2"}],"version-history":[{"count":26,"href":"https:\/\/deboralopes.com\/index.php\/wp-json\/wp\/v2\/pages\/2\/revisions"}],"predecessor-version":[{"id":442,"href":"https:\/\/deboralopes.com\/index.php\/wp-json\/wp\/v2\/pages\/2\/revisions\/442"}],"wp:attachment":[{"href":"https:\/\/deboralopes.com\/index.php\/wp-json\/wp\/v2\/media?parent=2"}],"curies":[{"name":"wp","href":"https:\/\/api.w.org\/{rel}","templated":true}]}}