{"id":116,"date":"2024-06-10T14:46:30","date_gmt":"2024-06-10T17:46:30","guid":{"rendered":"https:\/\/deboralopes.com\/?page_id=116"},"modified":"2025-01-12T13:29:43","modified_gmt":"2025-01-12T16:29:43","slug":"materiais-para-download","status":"publish","type":"page","link":"https:\/\/deboralopes.com\/index.php\/materiais-para-download\/","title":{"rendered":"Materiais para Download"},"content":{"rendered":"\n<p>Bem-vindo \u00e0 minha cole\u00e7\u00e3o pessoal de materiais para download, criados e utilizados por mim ao longo da minha jornada profissional. Nesta p\u00e1gina, voc\u00ea encontrar\u00e1 uma variedade de recursos cuidadosamente desenvolvidos para estimula\u00e7\u00e3o cognitiva e suporte psicoterap\u00eautico. Desde atividades pr\u00e1ticas para aprimoramento cognitivo at\u00e9 guias para psicoterapia, estes materiais refletem minha experi\u00eancia e compromisso em promover o bem-estar mental. Sinta-se \u00e0 vontade para explorar e baixar esses recursos, e espero que possam ajud\u00e1-lo em sua pr\u00f3pria jornada de autodescoberta e crescimento pessoal.<\/p>\n\n\n\n<div class=\"wp-block-pdf-viewer-block-standard\" style=\"text-align:left\"><div class=\"uploaded-pdf\"><a href=\"http:\/\/deboralopes.com\/wp-content\/uploads\/2024\/08\/reconhecendo-emocoes-e-sentimentos.pdf\" data-width=\"\" data-height=\"\"><\/a><\/div><\/div>\n\n\n\n<div class=\"wp-block-pdf-viewer-block-standard\" style=\"text-align:left\"><div class=\"uploaded-pdf\"><a href=\"http:\/\/deboralopes.com\/wp-content\/uploads\/2024\/07\/Treino-de-Habilidades-Sociais-e-Inteligencia-Emocional-com-Base-na-Terapia-do-Esquema.pdf\" data-width=\"\" data-height=\"\"><\/a><\/div><\/div>\n\n\n\n<div class=\"wp-block-pdf-viewer-block-standard\" style=\"text-align:left\"><div class=\"uploaded-pdf\"><a href=\"http:\/\/deboralopes.com\/wp-content\/uploads\/2024\/07\/Um-guia-para-trabalhar-emocoes-com-criancas.pdf\" data-width=\"\" data-height=\"\"><\/a><\/div><\/div>\n\n\n\n<hr class=\"wp-block-separator has-alpha-channel-opacity\"\/>\n\n\n\n<div data-wp-interactive=\"core\/file\" class=\"wp-block-file\"><object data-wp-bind--hidden=\"!state.hasPdfPreview\"  class=\"wp-block-file__embed\" data=\"http:\/\/deboralopes.com\/wp-content\/uploads\/2024\/06\/Colorful-Feelings-Thermometer-Poster.pdf\" type=\"application\/pdf\" style=\"width:100%;height:200px\" aria-label=\"Embed of Termometro das Emo\u00e7\u00f5es.\"><\/object><a id=\"wp-block-file--media-f379a0f3-ce8e-4bf2-be42-e370d05ebe7f\" href=\"http:\/\/deboralopes.com\/wp-content\/uploads\/2024\/06\/Colorful-Feelings-Thermometer-Poster.pdf\">Termometro das Emo\u00e7\u00f5es<\/a><a href=\"http:\/\/deboralopes.com\/wp-content\/uploads\/2024\/06\/Colorful-Feelings-Thermometer-Poster.pdf\" class=\"wp-block-file__button wp-element-button\" download aria-describedby=\"wp-block-file--media-f379a0f3-ce8e-4bf2-be42-e370d05ebe7f\">Baixar<\/a><\/div>\n\n\n\n<div class=\"wp-block-file has-sitebg-background-color has-background\"><a id=\"wp-block-file--media-be5cbfb5-0933-462b-a216-38f38f73957f\" href=\"https:\/\/deboralopes.com\/wp-content\/uploads\/2024\/06\/Sudoku-de-codigo-binario.pdf\">Sudoku de C\u00f3digo Bin\u00e1rio<\/a><a href=\"https:\/\/deboralopes.com\/wp-content\/uploads\/2024\/06\/Sudoku-de-codigo-binario.pdf\" class=\"wp-block-file__button wp-element-button\" download aria-describedby=\"wp-block-file--media-be5cbfb5-0933-462b-a216-38f38f73957f\">Baixar<\/a><\/div>\n\n\n\n<div class=\"wp-block-file\"><a id=\"wp-block-file--media-9e7a1b9a-0590-499e-bbd6-cf6a7d50d54c\" href=\"https:\/\/deboralopes.com\/wp-content\/uploads\/2024\/06\/Zeroes-Ones-Binary-code-worksheet.pdf\">Sudoku em \u00f3 bin\u00e1rio<\/a><a href=\"https:\/\/deboralopes.com\/wp-content\/uploads\/2024\/06\/Zeroes-Ones-Binary-code-worksheet.pdf\" class=\"wp-block-file__button wp-element-button\" download aria-describedby=\"wp-block-file--media-9e7a1b9a-0590-499e-bbd6-cf6a7d50d54c\">Baixar<\/a><\/div>\n\n\n\n<div class=\"wp-block-file\"><a id=\"wp-block-file--media-fcf3df42-c850-4b8a-8122-3ccd73d2ceff\" href=\"https:\/\/deboralopes.com\/wp-content\/uploads\/2024\/06\/Jogo-da-memoria-das-emocoes.pdf\">Jogo-da-memoria-das-emocoes<\/a><a href=\"https:\/\/deboralopes.com\/wp-content\/uploads\/2024\/06\/Jogo-da-memoria-das-emocoes.pdf\" class=\"wp-block-file__button wp-element-button\" download aria-describedby=\"wp-block-file--media-fcf3df42-c850-4b8a-8122-3ccd73d2ceff\">Baixar<\/a><\/div>\n\n\n\n<div class=\"wp-block-file\"><a id=\"wp-block-file--media-cb34f018-fe19-437a-954f-a885866310c8\" href=\"https:\/\/deboralopes.com\/wp-content\/uploads\/2024\/06\/jogo-da-memoria-pet.pdf\">jogo-da-memoria-pet<\/a><a href=\"https:\/\/deboralopes.com\/wp-content\/uploads\/2024\/06\/jogo-da-memoria-pet.pdf\" class=\"wp-block-file__button wp-element-button\" download aria-describedby=\"wp-block-file--media-cb34f018-fe19-437a-954f-a885866310c8\">Baixar<\/a><\/div>\n","protected":false},"excerpt":{"rendered":"<p>Bem-vindo \u00e0 minha cole\u00e7\u00e3o pessoal de materiais para download, criados e utilizados por mim ao longo da minha jornada profissional. Nesta p\u00e1gina, voc\u00ea encontrar\u00e1 uma &hellip;<\/p>\n","protected":false},"author":1,"featured_media":0,"parent":0,"menu_order":0,"comment_status":"closed","ping_status":"closed","template":"","meta":{"footnotes":""},"class_list":["post-116","page","type-page","status-publish","hentry"],"aioseo_notices":[],"_links":{"self":[{"href":"https:\/\/deboralopes.com\/index.php\/wp-json\/wp\/v2\/pages\/116"}],"collection":[{"href":"https:\/\/deboralopes.com\/index.php\/wp-json\/wp\/v2\/pages"}],"about":[{"href":"https:\/\/deboralopes.com\/index.php\/wp-json\/wp\/v2\/types\/page"}],"author":[{"embeddable":true,"href":"https:\/\/deboralopes.com\/index.php\/wp-json\/wp\/v2\/users\/1"}],"replies":[{"embeddable":true,"href":"https:\/\/deboralopes.com\/index.php\/wp-json\/wp\/v2\/comments?post=116"}],"version-history":[{"count":29,"href":"https:\/\/deboralopes.com\/index.php\/wp-json\/wp\/v2\/pages\/116\/revisions"}],"predecessor-version":[{"id":285,"href":"https:\/\/deboralopes.com\/index.php\/wp-json\/wp\/v2\/pages\/116\/revisions\/285"}],"wp:attachment":[{"href":"https:\/\/deboralopes.com\/index.php\/wp-json\/wp\/v2\/media?parent=116"}],"curies":[{"name":"wp","href":"https:\/\/api.w.org\/{rel}","templated":true}]}}